{"id":2947,"date":"2020-03-12T16:55:12","date_gmt":"2020-03-12T16:55:12","guid":{"rendered":"https:\/\/www.pac24.de\/?page_id=2947"},"modified":"2025-11-11T23:20:08","modified_gmt":"2025-11-11T23:20:08","slug":"impressum","status":"publish","type":"page","link":"https:\/\/www.pac24.de\/fr\/impressum","title":{"rendered":"Mentions l\u00e9gales"},"content":{"rendered":"<div class=\"wpb-content-wrapper\"><div class=\"vc_row wpb_row vc_row-fluid inner_container_fixed vc_custom_1584032465510 vc_row-has-fill\"><div class=\"wpb_column vc_column_container vc_col-sm-12\"><div class=\"vc_column-inner\"><div class=\"wpb_wrapper\">\n\t<div class=\"wpb_text_column wpb_content_element\" >\n\t\t<div class=\"wpb_wrapper\">\n\t\t\t<h2 style=\"text-align: left;\">IMPRESSION<\/h2>\n<h3>RESPONSABLE DU CONTENU<\/h3>\n<p><strong>pac24 GmbH<\/strong><\/p>\n<p>directeur g\u00e9n\u00e9ral responsable : Robert Penin<\/p>\n<p>Rudolf-Diesel-Str. 14<br \/>\nD-53859 Niederkassel<\/p>\n<p>T\u00e9l\u00e9phone : +49 (228) 629 658 0<br \/>\nFax : +49 (228) 629 658 - 66<\/p>\n<p>Courrier \u00e9lectronique :\u00a0<a title=\"\" href=\"mailto:info@pac24.de\" target=\"_blank\" rel=\"noopener noreferrer\">info@pac24.de<\/a><\/p>\n<p>Num\u00e9ro d'identification de la taxe sur les ventes : DE 252125192<br \/>\nRegistre du commerce : HRB 9551 Siegburg<\/p>\n\n\t\t<\/div>\n\t<\/div>\n<\/div><\/div><\/div><\/div>\n<\/div>","protected":false},"excerpt":{"rendered":"IMPRIMEUR RESPONSABLE DU CONTENU pac24 GmbH Directeur responsable : Robert Penin Rudolf-Diesel-Str. 14 D-53859 Niederkassel T\u00e9l\u00e9phone : +49 (228) 629 658 0 T\u00e9l\u00e9copie : +49 (228) 629 658 - 66 E-Mail : info@pac24.de Num\u00e9ro d'identification fiscale : DE 252125192 Registre du commerce : HRB 9551 Siegburg","protected":false},"author":1,"featured_media":0,"parent":0,"menu_order":0,"comment_status":"closed","ping_status":"closed","template":"template-blank-4.php","meta":{"footnotes":""},"class_list":["post-2947","page","type-page","status-publish","hentry","no-post-thumbnail"],"_links":{"self":[{"href":"https:\/\/www.pac24.de\/fr\/wp-json\/wp\/v2\/pages\/2947","targetHints":{"allow":["GET"]}}],"collection":[{"href":"https:\/\/www.pac24.de\/fr\/wp-json\/wp\/v2\/pages"}],"about":[{"href":"https:\/\/www.pac24.de\/fr\/wp-json\/wp\/v2\/types\/page"}],"author":[{"embeddable":true,"href":"https:\/\/www.pac24.de\/fr\/wp-json\/wp\/v2\/users\/1"}],"replies":[{"embeddable":true,"href":"https:\/\/www.pac24.de\/fr\/wp-json\/wp\/v2\/comments?post=2947"}],"version-history":[{"count":0,"href":"https:\/\/www.pac24.de\/fr\/wp-json\/wp\/v2\/pages\/2947\/revisions"}],"wp:attachment":[{"href":"https:\/\/www.pac24.de\/fr\/wp-json\/wp\/v2\/media?parent=2947"}],"curies":[{"name":"wp","href":"https:\/\/api.w.org\/{rel}","templated":true}]}}