{"id":2382,"date":"2020-03-02T15:32:27","date_gmt":"2020-03-02T15:32:27","guid":{"rendered":"https:\/\/www.pac24.de\/?page_id=2382"},"modified":"2021-06-21T12:43:32","modified_gmt":"2021-06-21T12:43:32","slug":"unternehmen","status":"publish","type":"page","link":"https:\/\/www.pac24.de\/fr\/unternehmen","title":{"rendered":"Soci\u00e9t\u00e9"},"content":{"rendered":"<div class=\"wpb-content-wrapper\"><div class=\"vc_row wpb_row vc_row-fluid inner_container desktop-visible cneo-head vc_custom_1612776646863 vc_row-has-fill vc_rtl-columns-reverse vc_row-o-content-middle vc_row-flex\"><div class=\"wpb_column vc_column_container vc_col-sm-3\/5\"><div class=\"vc_column-inner vc_custom_1581831845353\"><div class=\"wpb_wrapper\"><\/div><\/div><\/div><\/div><div class=\"vc_row wpb_row vc_row-fluid mobile-invisible cneo-head vc_custom_1612776006869 vc_row-has-fill\"><div class=\"wpb_column vc_column_container vc_col-sm-12\"><div class=\"vc_column-inner\"><div class=\"wpb_wrapper\">\n\t<div  class=\"wpb_single_image wpb_content_element vc_align_center wpb_content_element\">\n\t\t\n\t\t<figure class=\"wpb_wrapper vc_figure\">\n\t\t\t<div class=\"vc_single_image-wrapper   vc_box_border_grey\"><img loading=\"lazy\" decoding=\"async\" width=\"800\" height=\"375\" src=\"https:\/\/www.pac24.de\/wp-content\/uploads\/mottmannstrasse_800.jpg\" class=\"vc_single_image-img attachment-full\" alt=\"\" title=\"mottmannstrasse_800\" srcset=\"https:\/\/www.pac24.de\/wp-content\/uploads\/mottmannstrasse_800.jpg 800w, https:\/\/www.pac24.de\/wp-content\/uploads\/mottmannstrasse_800-300x141.jpg 300w, https:\/\/www.pac24.de\/wp-content\/uploads\/mottmannstrasse_800-768x360.jpg 768w, https:\/\/www.pac24.de\/wp-content\/uploads\/mottmannstrasse_800-600x281.jpg 600w, https:\/\/www.pac24.de\/wp-content\/uploads\/mottmannstrasse_800-280x131.jpg 280w, https:\/\/www.pac24.de\/wp-content\/uploads\/mottmannstrasse_800-100x47.jpg 100w\" sizes=\"auto, (max-width: 800px) 100vw, 800px\" \/><\/div>\n\t\t<\/figure>\n\t<\/div>\n<\/div><\/div><\/div><\/div><div class=\"vc_row wpb_row vc_row-fluid inner_container vc_custom_1612775987121 vc_row-has-fill vc_row-o-content-middle vc_row-flex\"><div class=\"wpb_column vc_column_container vc_col-sm-12\"><div class=\"vc_column-inner\"><div class=\"wpb_wrapper\">\n\t<div class=\"wpb_text_column wpb_content_element vc_custom_1612342402248\" >\n\t\t<div class=\"wpb_wrapper\">\n\t\t\t<h2 style=\"text-align: center;\">PAC24 - C'EST NOUS<\/h2>\n\n\t\t<\/div>\n\t<\/div>\n<div class=\"vc_row wpb_row vc_inner vc_row-fluid inner_container_fixed vc_custom_1599309715221 vc_row-has-fill vc_column-gap-10 vc_row-o-content-top vc_row-flex\"><div class=\"wpb_column vc_column_container vc_col-sm-6\"><div class=\"vc_column-inner vc_custom_1583316650479\"><div class=\"wpb_wrapper\">\n\t<div class=\"wpb_text_column wpb_content_element\" >\n\t\t<div class=\"wpb_wrapper\">\n\t\t\t<p>pac24 GmbH est membre du groupe immobilier pac. Il s'agit notamment de soci\u00e9t\u00e9s immobili\u00e8res qui investissent dans la r\u00e9gion de Bonn \/ Rhein Sieg.<\/p>\n<p>pac24 GmbH prend en charge la gestion \u00e9conomique et technique de tous les biens du groupe pac.<\/p>\n\n\t\t<\/div>\n\t<\/div>\n<\/div><\/div><\/div><div class=\"wpb_column vc_column_container vc_col-sm-6\"><div class=\"vc_column-inner\"><div class=\"wpb_wrapper\">\n\t<div class=\"wpb_text_column wpb_content_element\" >\n\t\t<div class=\"wpb_wrapper\">\n\t\t\t<p>Nous sommes le point de contact central pour les locataires, les acheteurs, les vendeurs, les fournisseurs et tous les autres clients et partenaires des entreprises.<\/p>\n<p>pac24 GmbH a \u00e9t\u00e9 fond\u00e9e \u00e0 Siegburg en 2006 et a son si\u00e8ge \u00e0 Niederkassel.<\/p>\n\n\t\t<\/div>\n\t<\/div>\n<\/div><\/div><\/div><\/div><\/div><\/div><\/div><\/div><div class=\"vc_row wpb_row vc_row-fluid inner_container vc_custom_1599310974438 vc_row-has-fill vc_row-o-content-middle vc_row-flex\"><div class=\"wpb_column vc_column_container vc_col-sm-12\"><div class=\"vc_column-inner\"><div class=\"wpb_wrapper\"><div class=\"vc_row wpb_row vc_inner vc_row-fluid inner_container_fixed vc_custom_1599311057476 vc_row-has-fill vc_column-gap-10 vc_row-o-content-top vc_row-flex\"><div class=\"wpb_column vc_column_container vc_col-sm-6\"><div class=\"vc_column-inner vc_custom_1583316650479\"><div class=\"wpb_wrapper\">\n\t<div  class=\"wpb_single_image wpb_content_element vc_align_left wpb_content_element vc_custom_1612342713896\">\n\t\t\n\t\t<figure class=\"wpb_wrapper vc_figure\">\n\t\t\t<div class=\"vc_single_image-wrapper   vc_box_border_grey\"><img loading=\"lazy\" decoding=\"async\" width=\"800\" height=\"600\" src=\"https:\/\/www.pac24.de\/wp-content\/uploads\/philosophie_800_600_2.jpg\" class=\"vc_single_image-img attachment-full\" alt=\"\" title=\"vertr\u00e4ge\" srcset=\"https:\/\/www.pac24.de\/wp-content\/uploads\/philosophie_800_600_2.jpg 800w, https:\/\/www.pac24.de\/wp-content\/uploads\/philosophie_800_600_2-300x225.jpg 300w, https:\/\/www.pac24.de\/wp-content\/uploads\/philosophie_800_600_2-768x576.jpg 768w, https:\/\/www.pac24.de\/wp-content\/uploads\/philosophie_800_600_2-600x450.jpg 600w, https:\/\/www.pac24.de\/wp-content\/uploads\/philosophie_800_600_2-213x160.jpg 213w, https:\/\/www.pac24.de\/wp-content\/uploads\/philosophie_800_600_2-100x75.jpg 100w\" sizes=\"auto, (max-width: 800px) 100vw, 800px\" \/><\/div>\n\t\t<\/figure>\n\t<\/div>\n<\/div><\/div><\/div><div class=\"wpb_column vc_column_container vc_col-sm-6\"><div class=\"vc_column-inner\"><div class=\"wpb_wrapper\">\n\t<div class=\"wpb_text_column wpb_content_element\" >\n\t\t<div class=\"wpb_wrapper\">\n\t\t\t<h2>PHILOSOPHIE DE L'ENTREPRISE<\/h2>\n<p>Nous sommes convaincus que nos clients, locataires et partenaires ne peuvent \u00eatre pleinement satisfaits que si nous repr\u00e9sentons leurs pr\u00e9occupations avec la pers\u00e9v\u00e9rance et l'expertise n\u00e9cessaires.<\/p>\n<p>Il s'agit \u00e9galement d'informer nos clients de mani\u00e8re exhaustive sur les perspectives de succ\u00e8s et les risques d'un projet. Bien entendu, nous nous effor\u00e7ons toujours d'emprunter la voie la plus s\u00fbre et en m\u00eame temps la plus \u00e9conomique pour nos clients.<\/p>\n<p>Dans le cadre des mandats de conseil, nous nous sommes donn\u00e9 pour mission de minimiser les risques pour nos clients - par exemple, lors de l'acquisition de nouveaux biens immobiliers, mais aussi lors de l'optimisation de biens existants - tout en prenant les dispositions les plus avantageuses pour vous.<\/p>\n\n\t\t<\/div>\n\t<\/div>\n<\/div><\/div><\/div><\/div><div class=\"vc_row wpb_row vc_inner vc_row-fluid inner_container_fixed vc_custom_1599311057476 vc_row-has-fill vc_column-gap-10 vc_row-o-content-top vc_row-flex\"><div class=\"wpb_column vc_column_container vc_col-sm-6\"><div class=\"vc_column-inner vc_custom_1583316650479\"><div class=\"wpb_wrapper\">\n\t<div  class=\"wpb_single_image wpb_content_element vc_align_left wpb_content_element vc_custom_1612789465561\">\n\t\t\n\t\t<figure class=\"wpb_wrapper vc_figure\">\n\t\t\t<div class=\"vc_single_image-wrapper   vc_box_border_grey\"><img loading=\"lazy\" decoding=\"async\" width=\"800\" height=\"600\" src=\"https:\/\/www.pac24.de\/wp-content\/uploads\/philosophie_800_600_1.jpg\" class=\"vc_single_image-img attachment-full\" alt=\"\" title=\"handing over the keys\" srcset=\"https:\/\/www.pac24.de\/wp-content\/uploads\/philosophie_800_600_1.jpg 800w, https:\/\/www.pac24.de\/wp-content\/uploads\/philosophie_800_600_1-300x225.jpg 300w, https:\/\/www.pac24.de\/wp-content\/uploads\/philosophie_800_600_1-768x576.jpg 768w, https:\/\/www.pac24.de\/wp-content\/uploads\/philosophie_800_600_1-600x450.jpg 600w, https:\/\/www.pac24.de\/wp-content\/uploads\/philosophie_800_600_1-213x160.jpg 213w, https:\/\/www.pac24.de\/wp-content\/uploads\/philosophie_800_600_1-100x75.jpg 100w\" sizes=\"auto, (max-width: 800px) 100vw, 800px\" \/><\/div>\n\t\t<\/figure>\n\t<\/div>\n<\/div><\/div><\/div><div class=\"wpb_column vc_column_container vc_col-sm-6\"><div class=\"vc_column-inner\"><div class=\"wpb_wrapper\">\n\t<div class=\"wpb_text_column wpb_content_element\" >\n\t\t<div class=\"wpb_wrapper\">\n\t\t\t<p>M\u00eame si nous avons des comp\u00e9tences professionnelles dans presque tous les domaines de l'immobilier gr\u00e2ce \u00e0 nos employ\u00e9s, nous pensons qu'il fait aussi partie d'une bonne relation d'affaires d'admettre si nous ne sommes pas en mesure de vous conseiller de mani\u00e8re exhaustive.<\/p>\n<p>Dans ces cas, nous vous orienterons volontiers vers des coll\u00e8gues comp\u00e9tents ou nous leur demanderons conseil.<\/p>\n<p>Gr\u00e2ce \u00e0 notre longue exp\u00e9rience, nous avons d\u00e9j\u00e0 pu gagner un grand nombre de coll\u00e8gues comp\u00e9tents comme partenaires de coop\u00e9ration.<\/p>\n\n\t\t<\/div>\n\t<\/div>\n<\/div><\/div><\/div><\/div><\/div><\/div><\/div><\/div><div class=\"vc_row wpb_row vc_row-fluid inner_container vc_custom_1612342787877 vc_row-has-fill\"><div class=\"wpb_column vc_column_container vc_col-sm-12\"><div class=\"vc_column-inner\"><div class=\"wpb_wrapper\">\n\t<div class=\"wpb_text_column wpb_content_element\" >\n\t\t<div class=\"wpb_wrapper\">\n\t\t\t<h2 style=\"text-align: center;\">CE QUE NOUS D\u00c9FENDONS<\/h2>\n\n\t\t<\/div>\n\t<\/div>\n<\/div><\/div><\/div><\/div><div class=\"vc_row wpb_row vc_row-fluid inner_container vc_custom_1612342847328 vc_row-has-fill\"><div class=\"wpb_column vc_column_container vc_col-sm-12\"><div class=\"vc_column-inner\"><div class=\"wpb_wrapper\"><div class=\"vc_row wpb_row vc_inner vc_row-fluid inner_container_fixed vc_custom_1612342858102 vc_row-has-fill\"><div class=\"wpb_column vc_column_container vc_col-sm-3 vc_col-has-fill\"><div class=\"vc_column-inner vc_custom_1612342912597\"><div class=\"wpb_wrapper\">\n\t<div  class=\"wpb_single_image wpb_content_element vc_align_center wpb_content_element\">\n\t\t\n\t\t<figure class=\"wpb_wrapper vc_figure\">\n\t\t\t<div class=\"vc_single_image-wrapper   vc_box_border_grey\"><img loading=\"lazy\" decoding=\"async\" width=\"150\" height=\"150\" src=\"https:\/\/www.pac24.de\/wp-content\/uploads\/icon_freundlichkeit400_400-150x150.png\" class=\"vc_single_image-img attachment-thumbnail\" alt=\"Gestion de biens immobiliers dans la r\u00e9gion de Bonn et de Rhein-Sieg\" title=\"icon_freundlichkeit400_400\" srcset=\"https:\/\/www.pac24.de\/wp-content\/uploads\/icon_freundlichkeit400_400-150x150.png 150w, https:\/\/www.pac24.de\/wp-content\/uploads\/icon_freundlichkeit400_400-300x300.png 300w, https:\/\/www.pac24.de\/wp-content\/uploads\/icon_freundlichkeit400_400-160x160.png 160w, https:\/\/www.pac24.de\/wp-content\/uploads\/icon_freundlichkeit400_400-100x100.png 100w, https:\/\/www.pac24.de\/wp-content\/uploads\/icon_freundlichkeit400_400.png 400w\" sizes=\"auto, (max-width: 150px) 100vw, 150px\" \/><\/div>\n\t\t<\/figure>\n\t<\/div>\n\n\t<div class=\"wpb_text_column wpb_content_element vc_custom_1612343180080\" >\n\t\t<div class=\"wpb_wrapper\">\n\t\t\t<p style=\"font-size: 1,0em; text-align: center;\"><strong>Gentillesse<\/strong><\/p>\n<p style=\"font-size: 1,0em; text-align: center;\">Nous vous prenons au s\u00e9rieux, vous et vos pr\u00e9occupations, et nous vous sommes reconnaissants dans nos relations<\/p>\n\n\t\t<\/div>\n\t<\/div>\n<\/div><\/div><\/div><div class=\"wpb_column vc_column_container vc_col-sm-3\"><div class=\"vc_column-inner\"><div class=\"wpb_wrapper\">\n\t<div  class=\"wpb_single_image wpb_content_element vc_align_center wpb_content_element vc_custom_1612531480962\">\n\t\t\n\t\t<figure class=\"wpb_wrapper vc_figure\">\n\t\t\t<div class=\"vc_single_image-wrapper   vc_box_border_grey\"><img loading=\"lazy\" decoding=\"async\" width=\"150\" height=\"150\" src=\"https:\/\/www.pac24.de\/wp-content\/uploads\/icon_professionalitaet_400_400-150x150.png\" class=\"vc_single_image-img attachment-thumbnail\" alt=\"Gestion de biens immobiliers dans la r\u00e9gion de Bonn et de Rhein-Sieg\" title=\"icon_professionalitaet_400_400\" srcset=\"https:\/\/www.pac24.de\/wp-content\/uploads\/icon_professionalitaet_400_400-150x150.png 150w, https:\/\/www.pac24.de\/wp-content\/uploads\/icon_professionalitaet_400_400-300x300.png 300w, https:\/\/www.pac24.de\/wp-content\/uploads\/icon_professionalitaet_400_400-160x160.png 160w, https:\/\/www.pac24.de\/wp-content\/uploads\/icon_professionalitaet_400_400-100x100.png 100w, https:\/\/www.pac24.de\/wp-content\/uploads\/icon_professionalitaet_400_400.png 400w\" sizes=\"auto, (max-width: 150px) 100vw, 150px\" \/><\/div>\n\t\t<\/figure>\n\t<\/div>\n\n\t<div class=\"wpb_text_column wpb_content_element vc_custom_1612343250081\" >\n\t\t<div class=\"wpb_wrapper\">\n\t\t\t<p style=\"font-size: 1,0em; text-align: center;\"><strong>Professionnalisme<\/strong><\/p>\n<p style=\"font-size: 1,0em; text-align: center;\">Nous suivons chaque demande avec le professionnalisme qui s'impose, quel que soit le domaine<\/p>\n\n\t\t<\/div>\n\t<\/div>\n<\/div><\/div><\/div><div class=\"wpb_column vc_column_container vc_col-sm-3\"><div class=\"vc_column-inner\"><div class=\"wpb_wrapper\">\n\t<div  class=\"wpb_single_image wpb_content_element vc_align_center wpb_content_element vc_custom_1612531492179\">\n\t\t\n\t\t<figure class=\"wpb_wrapper vc_figure\">\n\t\t\t<div class=\"vc_single_image-wrapper   vc_box_border_grey\"><img loading=\"lazy\" decoding=\"async\" width=\"150\" height=\"150\" src=\"https:\/\/www.pac24.de\/wp-content\/uploads\/icon_zuverlaessigkeit_400_400-150x150.png\" class=\"vc_single_image-img attachment-thumbnail\" alt=\"Gestion de biens immobiliers dans la r\u00e9gion de Bonn et de Rhein-Sieg\" title=\"icon_zuverlaessigkeit_400_400\" srcset=\"https:\/\/www.pac24.de\/wp-content\/uploads\/icon_zuverlaessigkeit_400_400-150x150.png 150w, https:\/\/www.pac24.de\/wp-content\/uploads\/icon_zuverlaessigkeit_400_400-300x300.png 300w, https:\/\/www.pac24.de\/wp-content\/uploads\/icon_zuverlaessigkeit_400_400-160x160.png 160w, https:\/\/www.pac24.de\/wp-content\/uploads\/icon_zuverlaessigkeit_400_400-100x100.png 100w, https:\/\/www.pac24.de\/wp-content\/uploads\/icon_zuverlaessigkeit_400_400.png 400w\" sizes=\"auto, (max-width: 150px) 100vw, 150px\" \/><\/div>\n\t\t<\/figure>\n\t<\/div>\n\n\t<div class=\"wpb_text_column wpb_content_element vc_custom_1612343524833\" >\n\t\t<div class=\"wpb_wrapper\">\n\t\t\t<p style=\"font-size: 1,0em; text-align: center;\"><strong>Fiabilit\u00e9<\/strong><\/p>\n<p style=\"font-size: 1,0em; text-align: center;\">Vous pouvez compter sur nous : nous tenons nos promesses, qu'elles soient verbales ou \u00e9crites.<\/p>\n\n\t\t<\/div>\n\t<\/div>\n<\/div><\/div><\/div><div class=\"wpb_column vc_column_container vc_col-sm-3\"><div class=\"vc_column-inner\"><div class=\"wpb_wrapper\">\n\t<div  class=\"wpb_single_image wpb_content_element vc_align_center wpb_content_element vc_custom_1612531505266\">\n\t\t\n\t\t<figure class=\"wpb_wrapper vc_figure\">\n\t\t\t<div class=\"vc_single_image-wrapper   vc_box_border_grey\"><img loading=\"lazy\" decoding=\"async\" width=\"150\" height=\"150\" src=\"https:\/\/www.pac24.de\/wp-content\/uploads\/icon_alles_aus_einer_hand_400_400-150x150.png\" class=\"vc_single_image-img attachment-thumbnail\" alt=\"Gestion de biens immobiliers dans la r\u00e9gion de Bonn et de Rhein-Sieg\" title=\"icon_alles_aus_einer_hand_400_400\" srcset=\"https:\/\/www.pac24.de\/wp-content\/uploads\/icon_alles_aus_einer_hand_400_400-150x150.png 150w, https:\/\/www.pac24.de\/wp-content\/uploads\/icon_alles_aus_einer_hand_400_400-300x300.png 300w, https:\/\/www.pac24.de\/wp-content\/uploads\/icon_alles_aus_einer_hand_400_400-160x160.png 160w, https:\/\/www.pac24.de\/wp-content\/uploads\/icon_alles_aus_einer_hand_400_400-100x100.png 100w, https:\/\/www.pac24.de\/wp-content\/uploads\/icon_alles_aus_einer_hand_400_400.png 400w\" sizes=\"auto, (max-width: 150px) 100vw, 150px\" \/><\/div>\n\t\t<\/figure>\n\t<\/div>\n\n\t<div class=\"wpb_text_column wpb_content_element vc_custom_1612343423793\" >\n\t\t<div class=\"wpb_wrapper\">\n\t\t\t<p style=\"font-size: 1,0em; text-align: center;\"><strong>Tout d'une seule source<\/strong><\/p>\n<p style=\"font-size: 1,0em; text-align: center;\">Vous n'avez qu'un seul interlocuteur : nous vous accompagnons du d\u00e9but \u00e0 la fin de votre demande<\/p>\n\n\t\t<\/div>\n\t<\/div>\n<\/div><\/div><\/div><\/div><div class=\"vc_empty_space  vc_custom_1612342867981\"   style=\"height: 44px\"><span class=\"vc_empty_space_inner\"><\/span><\/div><\/div><\/div><\/div><\/div>\n<\/div>","protected":false},"excerpt":{"rendered":"PAC24 - THAT'S WHO WE ARE pac24 GmbH est un membre du groupe immobilier pac. Il s'agit notamment de soci\u00e9t\u00e9s immobili\u00e8res dont l'investissement r\u00e9gional se concentre sur Bonn \/ Rhein Sieg. pac24 GmbH prend en charge la gestion \u00e9conomique et technique de toutes les propri\u00e9t\u00e9s du groupe pac. Nous sommes le contact central pour les locataires, les acheteurs, les vendeurs, les fournisseurs et tous les autres clients et partenaires des entreprises. La pac24 GmbH a \u00e9t\u00e9 fond\u00e9e en ... <a href=\"https:\/\/www.pac24.de\/fr\/unternehmen\" class=\"more-link\">En savoir plus<\/a>","protected":false},"author":1,"featured_media":12604,"parent":0,"menu_order":0,"comment_status":"closed","ping_status":"closed","template":"template-blank-4.php","meta":{"footnotes":""},"class_list":["post-2382","page","type-page","status-publish","has-post-thumbnail","hentry"],"_links":{"self":[{"href":"https:\/\/www.pac24.de\/fr\/wp-json\/wp\/v2\/pages\/2382","targetHints":{"allow":["GET"]}}],"collection":[{"href":"https:\/\/www.pac24.de\/fr\/wp-json\/wp\/v2\/pages"}],"about":[{"href":"https:\/\/www.pac24.de\/fr\/wp-json\/wp\/v2\/types\/page"}],"author":[{"embeddable":true,"href":"https:\/\/www.pac24.de\/fr\/wp-json\/wp\/v2\/users\/1"}],"replies":[{"embeddable":true,"href":"https:\/\/www.pac24.de\/fr\/wp-json\/wp\/v2\/comments?post=2382"}],"version-history":[{"count":0,"href":"https:\/\/www.pac24.de\/fr\/wp-json\/wp\/v2\/pages\/2382\/revisions"}],"wp:featuredmedia":[{"embeddable":true,"href":"https:\/\/www.pac24.de\/fr\/wp-json\/wp\/v2\/media\/12604"}],"wp:attachment":[{"href":"https:\/\/www.pac24.de\/fr\/wp-json\/wp\/v2\/media?parent=2382"}],"curies":[{"name":"wp","href":"https:\/\/api.w.org\/{rel}","templated":true}]}}