{"id":12683,"date":"2021-02-03T09:56:51","date_gmt":"2021-02-03T09:56:51","guid":{"rendered":"https:\/\/www.pac24.de\/?page_id=12683"},"modified":"2021-02-08T09:21:46","modified_gmt":"2021-02-08T09:21:46","slug":"angebote","status":"publish","type":"page","link":"https:\/\/www.pac24.de\/fr\/angebote","title":{"rendered":"Offres"},"content":{"rendered":"<div class=\"wpb-content-wrapper\"><div class=\"vc_row wpb_row vc_row-fluid inner_container desktop-visible cneo-head vc_custom_1612353167421 vc_row-has-fill vc_rtl-columns-reverse vc_row-o-content-middle vc_row-flex\"><div class=\"wpb_column vc_column_container vc_col-sm-3\/5\"><div class=\"vc_column-inner vc_custom_1581831845353\"><div class=\"wpb_wrapper\"><\/div><\/div><\/div><\/div><div class=\"vc_row wpb_row vc_row-fluid mobile-invisible cneo-head vc_custom_1612776107466 vc_row-has-fill\"><div class=\"wpb_column vc_column_container vc_col-sm-12\"><div class=\"vc_column-inner\"><div class=\"wpb_wrapper\">\n\t<div  class=\"wpb_single_image wpb_content_element vc_align_center wpb_content_element\">\n\t\t\n\t\t<figure class=\"wpb_wrapper vc_figure\">\n\t\t\t<div class=\"vc_single_image-wrapper   vc_box_border_grey\"><img loading=\"lazy\" decoding=\"async\" width=\"800\" height=\"375\" src=\"https:\/\/www.pac24.de\/wp-content\/uploads\/kontakt_header_800.jpg\" class=\"vc_single_image-img attachment-full\" alt=\"\" title=\"kontakt_header_800\" srcset=\"https:\/\/www.pac24.de\/wp-content\/uploads\/kontakt_header_800.jpg 800w, https:\/\/www.pac24.de\/wp-content\/uploads\/kontakt_header_800-300x141.jpg 300w, https:\/\/www.pac24.de\/wp-content\/uploads\/kontakt_header_800-768x360.jpg 768w, https:\/\/www.pac24.de\/wp-content\/uploads\/kontakt_header_800-600x281.jpg 600w, https:\/\/www.pac24.de\/wp-content\/uploads\/kontakt_header_800-280x131.jpg 280w, https:\/\/www.pac24.de\/wp-content\/uploads\/kontakt_header_800-100x47.jpg 100w\" sizes=\"auto, (max-width: 800px) 100vw, 800px\" \/><\/div>\n\t\t<\/figure>\n\t<\/div>\n<\/div><\/div><\/div><\/div><div class=\"vc_row wpb_row vc_row-fluid inner_container vc_custom_1583316009949 vc_row-has-fill vc_row-o-content-middle vc_row-flex\"><div class=\"wpb_column vc_column_container vc_col-sm-12\"><div class=\"vc_column-inner\"><div class=\"wpb_wrapper\">\n\t<div class=\"wpb_text_column wpb_content_element vc_custom_1612346353875\" >\n\t\t<div class=\"wpb_wrapper\">\n\t\t\t<h2 style=\"text-align: center;\">OFFRES<\/h2>\n\n\t\t<\/div>\n\t<\/div>\n<div class=\"vc_row wpb_row vc_inner vc_row-fluid inner_container_fixed vc_custom_1599309715221 vc_row-has-fill vc_column-gap-10 vc_row-o-content-top vc_row-flex\"><div class=\"wpb_column vc_column_container vc_col-sm-6\"><div class=\"vc_column-inner vc_custom_1583316650479\"><div class=\"wpb_wrapper\">\n\t<div class=\"wpb_text_column wpb_content_element\" >\n\t\t<div class=\"wpb_wrapper\">\n\t\t\t<p>Dans cette section, nous avons rassembl\u00e9 pour vous nos offres dans les domaines de l'immobilier r\u00e9sidentiel et commercial.<\/p>\n\n\t\t<\/div>\n\t<\/div>\n<\/div><\/div><\/div><div class=\"wpb_column vc_column_container vc_col-sm-6\"><div class=\"vc_column-inner\"><div class=\"wpb_wrapper\">\n\t<div class=\"wpb_text_column wpb_content_element\" >\n\t\t<div class=\"wpb_wrapper\">\n\t\t\t<p>Veuillez cliquer sur l'un des boutons ci-dessous pour consulter notre offre.<\/p>\n\n\t\t<\/div>\n\t<\/div>\n<\/div><\/div><\/div><\/div><\/div><\/div><\/div><\/div><div class=\"vc_row wpb_row vc_row-fluid inner_container vc_custom_1599310974438 vc_row-has-fill vc_row-o-content-middle vc_row-flex\"><div class=\"wpb_column vc_column_container vc_col-sm-12\"><div class=\"vc_column-inner\"><div class=\"wpb_wrapper\"><div class=\"vc_row wpb_row vc_inner vc_row-fluid inner_container_fixed vc_custom_1599311057476 vc_row-has-fill vc_column-gap-10 vc_row-o-content-top vc_row-flex\"><div class=\"wpb_column vc_column_container vc_col-sm-6\"><div class=\"vc_column-inner vc_custom_1583316650479\"><div class=\"wpb_wrapper\">\n\t<div  class=\"wpb_single_image wpb_content_element vc_align_left wpb_content_element vc_custom_1612346960214\">\n\t\t\n\t\t<figure class=\"wpb_wrapper vc_figure\">\n\t\t\t<a href=\"https:\/\/portal.immobilienscout24.de\/ergebnisliste\/51576709\" target=\"_blank\" class=\"vc_single_image-wrapper   vc_box_border_grey\"><img loading=\"lazy\" decoding=\"async\" width=\"800\" height=\"600\" src=\"https:\/\/www.pac24.de\/wp-content\/uploads\/wohnimmobilien_800_600.jpg\" class=\"vc_single_image-img attachment-full\" alt=\"\" title=\"wohnimmobilien_800_600\" srcset=\"https:\/\/www.pac24.de\/wp-content\/uploads\/wohnimmobilien_800_600.jpg 800w, https:\/\/www.pac24.de\/wp-content\/uploads\/wohnimmobilien_800_600-300x225.jpg 300w, https:\/\/www.pac24.de\/wp-content\/uploads\/wohnimmobilien_800_600-768x576.jpg 768w, https:\/\/www.pac24.de\/wp-content\/uploads\/wohnimmobilien_800_600-600x450.jpg 600w, https:\/\/www.pac24.de\/wp-content\/uploads\/wohnimmobilien_800_600-213x160.jpg 213w, https:\/\/www.pac24.de\/wp-content\/uploads\/wohnimmobilien_800_600-100x75.jpg 100w\" sizes=\"auto, (max-width: 800px) 100vw, 800px\" \/><\/a>\n\t\t<\/figure>\n\t<\/div>\n<div class=\"vc_empty_space\"   style=\"height: 32px\"><span class=\"vc_empty_space_inner\"><\/span><\/div><\/div><\/div><\/div><div class=\"wpb_column vc_column_container vc_col-sm-6\"><div class=\"vc_column-inner\"><div class=\"wpb_wrapper\">\n\t<div class=\"wpb_text_column wpb_content_element\" >\n\t\t<div class=\"wpb_wrapper\">\n\t\t\t<h2>LES OFFRES DANS LE DOMAINE DE L'IMMOBILIER R\u00c9SIDENTIEL<\/h2>\n<p>Veuillez cliquer sur le bouton ci-dessous pour consulter notre offre sur le site d'Immobilienscout24.<\/p>\n\n\t\t<\/div>\n\t<\/div>\n<div class=\"vc_btn3-container vc_btn3-inline vc_do_btn\" ><a class=\"vc_general vc_btn3 vc_btn3-size-md vc_btn3-shape-square vc_btn3-style-modern vc_btn3-color-primary\" href=\"https:\/\/portal.immobilienscout24.de\/ergebnisliste\/51576709\" title=\"\" target=\"_blank\">Vers notre offre d'immobilier r\u00e9sidentiel sur immoscout24<\/a><\/div><\/div><\/div><\/div><\/div><\/div><\/div><\/div><\/div><div class=\"vc_row wpb_row vc_row-fluid inner_container vc_custom_1612345643141 vc_row-has-fill vc_row-o-content-middle vc_row-flex\"><div class=\"wpb_column vc_column_container vc_col-sm-12 vc_col-has-fill\"><div class=\"vc_column-inner vc_custom_1612345756940\"><div class=\"wpb_wrapper\"><div class=\"vc_row wpb_row vc_inner vc_row-fluid inner_container_fixed vc_custom_1612345766794 vc_row-has-fill vc_column-gap-10 vc_row-o-content-top vc_row-flex\"><div class=\"wpb_column vc_column_container vc_col-sm-6 vc_col-has-fill\"><div class=\"vc_column-inner vc_custom_1612345694458\"><div class=\"wpb_wrapper\">\n\t<div  class=\"wpb_single_image wpb_content_element vc_align_left wpb_content_element vc_custom_1612346994275\">\n\t\t\n\t\t<figure class=\"wpb_wrapper vc_figure\">\n\t\t\t<a href=\"https:\/\/portal.immobilienscout24.de\/ergebnisliste\/45236014\" target=\"_self\" class=\"vc_single_image-wrapper   vc_box_border_grey\"><img loading=\"lazy\" decoding=\"async\" width=\"800\" height=\"600\" src=\"https:\/\/www.pac24.de\/wp-content\/uploads\/gewerbeimmobilien_800_600.jpg\" class=\"vc_single_image-img attachment-full\" alt=\"\" title=\"gewerbeimmobilien_800_600\" srcset=\"https:\/\/www.pac24.de\/wp-content\/uploads\/gewerbeimmobilien_800_600.jpg 800w, https:\/\/www.pac24.de\/wp-content\/uploads\/gewerbeimmobilien_800_600-300x225.jpg 300w, https:\/\/www.pac24.de\/wp-content\/uploads\/gewerbeimmobilien_800_600-768x576.jpg 768w, https:\/\/www.pac24.de\/wp-content\/uploads\/gewerbeimmobilien_800_600-600x450.jpg 600w, https:\/\/www.pac24.de\/wp-content\/uploads\/gewerbeimmobilien_800_600-213x160.jpg 213w, https:\/\/www.pac24.de\/wp-content\/uploads\/gewerbeimmobilien_800_600-100x75.jpg 100w\" sizes=\"auto, (max-width: 800px) 100vw, 800px\" \/><\/a>\n\t\t<\/figure>\n\t<\/div>\n<div class=\"vc_empty_space\"   style=\"height: 32px\"><span class=\"vc_empty_space_inner\"><\/span><\/div><\/div><\/div><\/div><div class=\"wpb_column vc_column_container vc_col-sm-6 vc_col-has-fill\"><div class=\"vc_column-inner vc_custom_1612345703866\"><div class=\"wpb_wrapper\">\n\t<div class=\"wpb_text_column wpb_content_element\" >\n\t\t<div class=\"wpb_wrapper\">\n\t\t\t<div class=\"wpb_text_column wpb_content_element\">\n<div class=\"wpb_wrapper\">\n<h2>LES OFFRES DANS LE DOMAINE DE L'IMMOBILIER COMMERCIAL<\/h2>\n<p>Veuillez cliquer sur le bouton ci-dessous pour consulter notre offre sur le site d'Immobilienscout24.<\/p>\n<\/div>\n<\/div>\n<div class=\"wpb_text_column wpb_content_element\">\n<div class=\"wpb_wrapper\"><\/div>\n<\/div>\n\n\t\t<\/div>\n\t<\/div>\n<div class=\"vc_btn3-container vc_btn3-inline vc_do_btn\" ><a class=\"vc_general vc_btn3 vc_btn3-size-md vc_btn3-shape-square vc_btn3-style-modern vc_btn3-color-primary\" href=\"https:\/\/portal.immobilienscout24.de\/ergebnisliste\/45236014\" title=\"\" target=\"_blank\">Vers notre offre d'immobilier commercial sur immoscout24<\/a><\/div><\/div><\/div><\/div><\/div><\/div><\/div><\/div><\/div><div class=\"vc_row wpb_row vc_row-fluid inner_container vc_custom_1612347034422 vc_row-has-fill\"><div class=\"wpb_column vc_column_container vc_col-sm-12\"><div class=\"vc_column-inner\"><div class=\"wpb_wrapper\">\n\t<div class=\"wpb_text_column wpb_content_element\" >\n\t\t<div class=\"wpb_wrapper\">\n\t\t\t<h2 style=\"text-align: center;\">CE QUE NOUS D\u00c9FENDONS<\/h2>\n\n\t\t<\/div>\n\t<\/div>\n<\/div><\/div><\/div><\/div><div class=\"vc_row wpb_row vc_row-fluid inner_container vc_custom_1612347042064 vc_row-has-fill\"><div class=\"wpb_column vc_column_container vc_col-sm-12 vc_col-has-fill\"><div class=\"vc_column-inner vc_custom_1612347089242\"><div class=\"wpb_wrapper\"><div class=\"vc_row wpb_row vc_inner vc_row-fluid inner_container_fixed vc_custom_1612342858102 vc_row-has-fill\"><div class=\"wpb_column vc_column_container vc_col-sm-3 vc_col-has-fill\"><div class=\"vc_column-inner vc_custom_1612347098599\"><div class=\"wpb_wrapper\">\n\t<div  class=\"wpb_single_image wpb_content_element vc_align_center wpb_content_element vc_custom_1612531574891\">\n\t\t\n\t\t<figure class=\"wpb_wrapper vc_figure\">\n\t\t\t<div class=\"vc_single_image-wrapper   vc_box_border_grey\"><img loading=\"lazy\" decoding=\"async\" width=\"150\" height=\"150\" src=\"https:\/\/www.pac24.de\/wp-content\/uploads\/icon_freundlichkeit400_400-150x150.png\" class=\"vc_single_image-img attachment-thumbnail\" alt=\"Gestion de biens immobiliers dans la r\u00e9gion de Bonn et de Rhein-Sieg\" title=\"icon_freundlichkeit400_400\" srcset=\"https:\/\/www.pac24.de\/wp-content\/uploads\/icon_freundlichkeit400_400-150x150.png 150w, https:\/\/www.pac24.de\/wp-content\/uploads\/icon_freundlichkeit400_400-300x300.png 300w, https:\/\/www.pac24.de\/wp-content\/uploads\/icon_freundlichkeit400_400-160x160.png 160w, https:\/\/www.pac24.de\/wp-content\/uploads\/icon_freundlichkeit400_400-100x100.png 100w, https:\/\/www.pac24.de\/wp-content\/uploads\/icon_freundlichkeit400_400.png 400w\" sizes=\"auto, (max-width: 150px) 100vw, 150px\" \/><\/div>\n\t\t<\/figure>\n\t<\/div>\n\n\t<div class=\"wpb_text_column wpb_content_element vc_custom_1612347179328\" >\n\t\t<div class=\"wpb_wrapper\">\n\t\t\t<p style=\"font-size: 1,0em; text-align: center;\"><strong>Gentillesse<\/strong><\/p>\n<p style=\"font-size: 1,0em; text-align: center;\">Nous vous prenons au s\u00e9rieux, vous et vos pr\u00e9occupations, et nous vous sommes reconnaissants dans nos relations<\/p>\n\n\t\t<\/div>\n\t<\/div>\n<\/div><\/div><\/div><div class=\"wpb_column vc_column_container vc_col-sm-3 vc_col-has-fill\"><div class=\"vc_column-inner vc_custom_1612347110895\"><div class=\"wpb_wrapper\">\n\t<div  class=\"wpb_single_image wpb_content_element vc_align_center wpb_content_element vc_custom_1612531569715\">\n\t\t\n\t\t<figure class=\"wpb_wrapper vc_figure\">\n\t\t\t<div class=\"vc_single_image-wrapper   vc_box_border_grey\"><img loading=\"lazy\" decoding=\"async\" width=\"150\" height=\"150\" src=\"https:\/\/www.pac24.de\/wp-content\/uploads\/icon_professionalitaet_400_400-150x150.png\" class=\"vc_single_image-img attachment-thumbnail\" alt=\"Gestion de biens immobiliers dans la r\u00e9gion de Bonn et de Rhein-Sieg\" title=\"icon_professionalitaet_400_400\" srcset=\"https:\/\/www.pac24.de\/wp-content\/uploads\/icon_professionalitaet_400_400-150x150.png 150w, https:\/\/www.pac24.de\/wp-content\/uploads\/icon_professionalitaet_400_400-300x300.png 300w, https:\/\/www.pac24.de\/wp-content\/uploads\/icon_professionalitaet_400_400-160x160.png 160w, https:\/\/www.pac24.de\/wp-content\/uploads\/icon_professionalitaet_400_400-100x100.png 100w, https:\/\/www.pac24.de\/wp-content\/uploads\/icon_professionalitaet_400_400.png 400w\" sizes=\"auto, (max-width: 150px) 100vw, 150px\" \/><\/div>\n\t\t<\/figure>\n\t<\/div>\n\n\t<div class=\"wpb_text_column wpb_content_element vc_custom_1612347196106\" >\n\t\t<div class=\"wpb_wrapper\">\n\t\t\t<p style=\"font-size: 1,0em; text-align: center;\"><strong>Professionnalisme<\/strong><\/p>\n<p style=\"font-size: 1,0em; text-align: center;\">Nous suivons chaque demande avec le professionnalisme qui s'impose, quel que soit le domaine<\/p>\n\n\t\t<\/div>\n\t<\/div>\n<\/div><\/div><\/div><div class=\"wpb_column vc_column_container vc_col-sm-3 vc_col-has-fill\"><div class=\"vc_column-inner vc_custom_1612347120663\"><div class=\"wpb_wrapper\">\n\t<div  class=\"wpb_single_image wpb_content_element vc_align_center wpb_content_element vc_custom_1612531584345\">\n\t\t\n\t\t<figure class=\"wpb_wrapper vc_figure\">\n\t\t\t<div class=\"vc_single_image-wrapper   vc_box_border_grey\"><img loading=\"lazy\" decoding=\"async\" width=\"150\" height=\"150\" src=\"https:\/\/www.pac24.de\/wp-content\/uploads\/icon_zuverlaessigkeit_400_400-150x150.png\" class=\"vc_single_image-img attachment-thumbnail\" alt=\"Gestion de biens immobiliers dans la r\u00e9gion de Bonn et de Rhein-Sieg\" title=\"icon_zuverlaessigkeit_400_400\" srcset=\"https:\/\/www.pac24.de\/wp-content\/uploads\/icon_zuverlaessigkeit_400_400-150x150.png 150w, https:\/\/www.pac24.de\/wp-content\/uploads\/icon_zuverlaessigkeit_400_400-300x300.png 300w, https:\/\/www.pac24.de\/wp-content\/uploads\/icon_zuverlaessigkeit_400_400-160x160.png 160w, https:\/\/www.pac24.de\/wp-content\/uploads\/icon_zuverlaessigkeit_400_400-100x100.png 100w, https:\/\/www.pac24.de\/wp-content\/uploads\/icon_zuverlaessigkeit_400_400.png 400w\" sizes=\"auto, (max-width: 150px) 100vw, 150px\" \/><\/div>\n\t\t<\/figure>\n\t<\/div>\n\n\t<div class=\"wpb_text_column wpb_content_element vc_custom_1612347215017\" >\n\t\t<div class=\"wpb_wrapper\">\n\t\t\t<p style=\"font-size: 1,0em; text-align: center;\"><strong>Fiabilit\u00e9<\/strong><\/p>\n<p style=\"font-size: 1,0em; text-align: center;\">Vous pouvez compter sur nous : nous tenons nos promesses, qu'elles soient verbales ou \u00e9crites.<\/p>\n\n\t\t<\/div>\n\t<\/div>\n<\/div><\/div><\/div><div class=\"wpb_column vc_column_container vc_col-sm-3 vc_col-has-fill\"><div class=\"vc_column-inner vc_custom_1612347130159\"><div class=\"wpb_wrapper\">\n\t<div  class=\"wpb_single_image wpb_content_element vc_align_center wpb_content_element vc_custom_1612531593960\">\n\t\t\n\t\t<figure class=\"wpb_wrapper vc_figure\">\n\t\t\t<div class=\"vc_single_image-wrapper   vc_box_border_grey\"><img loading=\"lazy\" decoding=\"async\" width=\"150\" height=\"150\" src=\"https:\/\/www.pac24.de\/wp-content\/uploads\/icon_alles_aus_einer_hand_400_400-150x150.png\" class=\"vc_single_image-img attachment-thumbnail\" alt=\"Gestion de biens immobiliers dans la r\u00e9gion de Bonn et de Rhein-Sieg\" title=\"icon_alles_aus_einer_hand_400_400\" srcset=\"https:\/\/www.pac24.de\/wp-content\/uploads\/icon_alles_aus_einer_hand_400_400-150x150.png 150w, https:\/\/www.pac24.de\/wp-content\/uploads\/icon_alles_aus_einer_hand_400_400-300x300.png 300w, https:\/\/www.pac24.de\/wp-content\/uploads\/icon_alles_aus_einer_hand_400_400-160x160.png 160w, https:\/\/www.pac24.de\/wp-content\/uploads\/icon_alles_aus_einer_hand_400_400-100x100.png 100w, https:\/\/www.pac24.de\/wp-content\/uploads\/icon_alles_aus_einer_hand_400_400.png 400w\" sizes=\"auto, (max-width: 150px) 100vw, 150px\" \/><\/div>\n\t\t<\/figure>\n\t<\/div>\n\n\t<div class=\"wpb_text_column wpb_content_element vc_custom_1612347230556\" >\n\t\t<div class=\"wpb_wrapper\">\n\t\t\t<p style=\"font-size: 1,0em; text-align: center;\"><strong>Tout d'une seule source<\/strong><\/p>\n<p style=\"font-size: 1,0em; text-align: center;\">Vous n'avez qu'un seul interlocuteur : nous vous accompagnons du d\u00e9but \u00e0 la fin de votre demande<\/p>\n\n\t\t<\/div>\n\t<\/div>\n<\/div><\/div><\/div><\/div><div class=\"vc_empty_space  vc_custom_1612347145599\"   style=\"height: 44px\"><span class=\"vc_empty_space_inner\"><\/span><\/div><\/div><\/div><\/div><\/div>\n<\/div>","protected":false},"excerpt":{"rendered":"OFFRES Dans cette section, nous avons rassembl\u00e9 pour vous nos offres dans les domaines de l'immobilier r\u00e9sidentiel et commercial. Veuillez cliquer sur l'un des boutons ci-dessous pour consulter nos offres. OFFRES DANS LE DOMAINE DES PROPRI\u00c9T\u00c9S R\u00c9SIDENTIELLES Veuillez cliquer sur le bouton ci-dessous pour voir notre offre sur le site Immobilienscout24. A notre offre ... <a href=\"https:\/\/www.pac24.de\/fr\/angebote\" class=\"more-link\">En savoir plus<\/a>","protected":false},"author":1,"featured_media":12643,"parent":0,"menu_order":0,"comment_status":"closed","ping_status":"closed","template":"template-blank-4.php","meta":{"footnotes":""},"class_list":["post-12683","page","type-page","status-publish","has-post-thumbnail","hentry"],"_links":{"self":[{"href":"https:\/\/www.pac24.de\/fr\/wp-json\/wp\/v2\/pages\/12683","targetHints":{"allow":["GET"]}}],"collection":[{"href":"https:\/\/www.pac24.de\/fr\/wp-json\/wp\/v2\/pages"}],"about":[{"href":"https:\/\/www.pac24.de\/fr\/wp-json\/wp\/v2\/types\/page"}],"author":[{"embeddable":true,"href":"https:\/\/www.pac24.de\/fr\/wp-json\/wp\/v2\/users\/1"}],"replies":[{"embeddable":true,"href":"https:\/\/www.pac24.de\/fr\/wp-json\/wp\/v2\/comments?post=12683"}],"version-history":[{"count":0,"href":"https:\/\/www.pac24.de\/fr\/wp-json\/wp\/v2\/pages\/12683\/revisions"}],"wp:featuredmedia":[{"embeddable":true,"href":"https:\/\/www.pac24.de\/fr\/wp-json\/wp\/v2\/media\/12643"}],"wp:attachment":[{"href":"https:\/\/www.pac24.de\/fr\/wp-json\/wp\/v2\/media?parent=12683"}],"curies":[{"name":"wp","href":"https:\/\/api.w.org\/{rel}","templated":true}]}}