{"id":2382,"date":"2020-03-02T15:32:27","date_gmt":"2020-03-02T15:32:27","guid":{"rendered":"https:\/\/www.pac24.de\/?page_id=2382"},"modified":"2021-06-21T12:43:32","modified_gmt":"2021-06-21T12:43:32","slug":"unternehmen","status":"publish","type":"page","link":"https:\/\/www.pac24.de\/es\/unternehmen","title":{"rendered":"Compa\u00f1\u00eda"},"content":{"rendered":"<div class=\"wpb-content-wrapper\"><div class=\"vc_row wpb_row vc_row-fluid inner_container desktop-visible cneo-head vc_custom_1612776646863 vc_row-has-fill vc_rtl-columns-reverse vc_row-o-content-middle vc_row-flex\"><div class=\"wpb_column vc_column_container vc_col-sm-3\/5\"><div class=\"vc_column-inner vc_custom_1581831845353\"><div class=\"wpb_wrapper\"><\/div><\/div><\/div><\/div><div class=\"vc_row wpb_row vc_row-fluid mobile-invisible cneo-head vc_custom_1612776006869 vc_row-has-fill\"><div class=\"wpb_column vc_column_container vc_col-sm-12\"><div class=\"vc_column-inner\"><div class=\"wpb_wrapper\">\n\t<div  class=\"wpb_single_image wpb_content_element vc_align_center wpb_content_element\">\n\t\t\n\t\t<figure class=\"wpb_wrapper vc_figure\">\n\t\t\t<div class=\"vc_single_image-wrapper   vc_box_border_grey\"><img loading=\"lazy\" decoding=\"async\" width=\"800\" height=\"375\" src=\"https:\/\/www.pac24.de\/wp-content\/uploads\/mottmannstrasse_800.jpg\" class=\"vc_single_image-img attachment-full\" alt=\"\" title=\"mottmannstrasse_800\" srcset=\"https:\/\/www.pac24.de\/wp-content\/uploads\/mottmannstrasse_800.jpg 800w, https:\/\/www.pac24.de\/wp-content\/uploads\/mottmannstrasse_800-300x141.jpg 300w, https:\/\/www.pac24.de\/wp-content\/uploads\/mottmannstrasse_800-768x360.jpg 768w, https:\/\/www.pac24.de\/wp-content\/uploads\/mottmannstrasse_800-600x281.jpg 600w, https:\/\/www.pac24.de\/wp-content\/uploads\/mottmannstrasse_800-280x131.jpg 280w, https:\/\/www.pac24.de\/wp-content\/uploads\/mottmannstrasse_800-100x47.jpg 100w\" sizes=\"auto, (max-width: 800px) 100vw, 800px\" \/><\/div>\n\t\t<\/figure>\n\t<\/div>\n<\/div><\/div><\/div><\/div><div class=\"vc_row wpb_row vc_row-fluid inner_container vc_custom_1612775987121 vc_row-has-fill vc_row-o-content-middle vc_row-flex\"><div class=\"wpb_column vc_column_container vc_col-sm-12\"><div class=\"vc_column-inner\"><div class=\"wpb_wrapper\">\n\t<div class=\"wpb_text_column wpb_content_element vc_custom_1612342402248\" >\n\t\t<div class=\"wpb_wrapper\">\n\t\t\t<h2 style=\"text-align: center;\">PAC24 - SOMOS NOSOTROS<\/h2>\n\n\t\t<\/div>\n\t<\/div>\n<div class=\"vc_row wpb_row vc_inner vc_row-fluid inner_container_fixed vc_custom_1599309715221 vc_row-has-fill vc_column-gap-10 vc_row-o-content-top vc_row-flex\"><div class=\"wpb_column vc_column_container vc_col-sm-6\"><div class=\"vc_column-inner vc_custom_1583316650479\"><div class=\"wpb_wrapper\">\n\t<div class=\"wpb_text_column wpb_content_element\" >\n\t\t<div class=\"wpb_wrapper\">\n\t\t\t<p>pac24 GmbH es miembro del grupo inmobiliario pac. Esto incluye a las empresas inmobiliarias con un enfoque de inversi\u00f3n regional en Bonn \/ Rhein Sieg.<\/p>\n<p>pac24 GmbH asume la gesti\u00f3n econ\u00f3mica y t\u00e9cnica de todas las propiedades del grupo pac.<\/p>\n\n\t\t<\/div>\n\t<\/div>\n<\/div><\/div><\/div><div class=\"wpb_column vc_column_container vc_col-sm-6\"><div class=\"vc_column-inner\"><div class=\"wpb_wrapper\">\n\t<div class=\"wpb_text_column wpb_content_element\" >\n\t\t<div class=\"wpb_wrapper\">\n\t\t\t<p>Somos el contacto central para inquilinos, compradores, vendedores, proveedores y todos los dem\u00e1s clientes y socios de las empresas.<\/p>\n<p>pac24 GmbH se fund\u00f3 en Siegburg en 2006 y tiene su sede en Niederkassel.<\/p>\n\n\t\t<\/div>\n\t<\/div>\n<\/div><\/div><\/div><\/div><\/div><\/div><\/div><\/div><div class=\"vc_row wpb_row vc_row-fluid inner_container vc_custom_1599310974438 vc_row-has-fill vc_row-o-content-middle vc_row-flex\"><div class=\"wpb_column vc_column_container vc_col-sm-12\"><div class=\"vc_column-inner\"><div class=\"wpb_wrapper\"><div class=\"vc_row wpb_row vc_inner vc_row-fluid inner_container_fixed vc_custom_1599311057476 vc_row-has-fill vc_column-gap-10 vc_row-o-content-top vc_row-flex\"><div class=\"wpb_column vc_column_container vc_col-sm-6\"><div class=\"vc_column-inner vc_custom_1583316650479\"><div class=\"wpb_wrapper\">\n\t<div  class=\"wpb_single_image wpb_content_element vc_align_left wpb_content_element vc_custom_1612342713896\">\n\t\t\n\t\t<figure class=\"wpb_wrapper vc_figure\">\n\t\t\t<div class=\"vc_single_image-wrapper   vc_box_border_grey\"><img loading=\"lazy\" decoding=\"async\" width=\"800\" height=\"600\" src=\"https:\/\/www.pac24.de\/wp-content\/uploads\/philosophie_800_600_2.jpg\" class=\"vc_single_image-img attachment-full\" alt=\"\" title=\"vertr\u00e4ge\" srcset=\"https:\/\/www.pac24.de\/wp-content\/uploads\/philosophie_800_600_2.jpg 800w, https:\/\/www.pac24.de\/wp-content\/uploads\/philosophie_800_600_2-300x225.jpg 300w, https:\/\/www.pac24.de\/wp-content\/uploads\/philosophie_800_600_2-768x576.jpg 768w, https:\/\/www.pac24.de\/wp-content\/uploads\/philosophie_800_600_2-600x450.jpg 600w, https:\/\/www.pac24.de\/wp-content\/uploads\/philosophie_800_600_2-213x160.jpg 213w, https:\/\/www.pac24.de\/wp-content\/uploads\/philosophie_800_600_2-100x75.jpg 100w\" sizes=\"auto, (max-width: 800px) 100vw, 800px\" \/><\/div>\n\t\t<\/figure>\n\t<\/div>\n<\/div><\/div><\/div><div class=\"wpb_column vc_column_container vc_col-sm-6\"><div class=\"vc_column-inner\"><div class=\"wpb_wrapper\">\n\t<div class=\"wpb_text_column wpb_content_element\" >\n\t\t<div class=\"wpb_wrapper\">\n\t\t\t<h2>FILOSOF\u00cdA DE LA EMPRESA<\/h2>\n<p>Estamos convencidos de que nuestros clientes, inquilinos y socios s\u00f3lo pueden estar completamente satisfechos si representamos sus preocupaciones con la persistencia y la experiencia necesarias.<\/p>\n<p>Esto incluye tambi\u00e9n informar exhaustivamente a nuestros clientes sobre las perspectivas de \u00e9xito y los riesgos de un proyecto. Por supuesto, siempre nos esforzamos por tomar la ruta m\u00e1s segura y al mismo tiempo m\u00e1s rentable para nuestros clientes.<\/p>\n<p>En el marco de los mandatos de asesoramiento, nos hemos propuesto minimizar los riesgos para nuestros clientes -por ejemplo, en la adquisici\u00f3n de nuevos inmuebles, pero tambi\u00e9n en la optimizaci\u00f3n de los existentes- y, al mismo tiempo, realizar las gestiones m\u00e1s ventajosas para usted.<\/p>\n\n\t\t<\/div>\n\t<\/div>\n<\/div><\/div><\/div><\/div><div class=\"vc_row wpb_row vc_inner vc_row-fluid inner_container_fixed vc_custom_1599311057476 vc_row-has-fill vc_column-gap-10 vc_row-o-content-top vc_row-flex\"><div class=\"wpb_column vc_column_container vc_col-sm-6\"><div class=\"vc_column-inner vc_custom_1583316650479\"><div class=\"wpb_wrapper\">\n\t<div  class=\"wpb_single_image wpb_content_element vc_align_left wpb_content_element vc_custom_1612789465561\">\n\t\t\n\t\t<figure class=\"wpb_wrapper vc_figure\">\n\t\t\t<div class=\"vc_single_image-wrapper   vc_box_border_grey\"><img loading=\"lazy\" decoding=\"async\" width=\"800\" height=\"600\" src=\"https:\/\/www.pac24.de\/wp-content\/uploads\/philosophie_800_600_1.jpg\" class=\"vc_single_image-img attachment-full\" alt=\"\" title=\"handing over the keys\" srcset=\"https:\/\/www.pac24.de\/wp-content\/uploads\/philosophie_800_600_1.jpg 800w, https:\/\/www.pac24.de\/wp-content\/uploads\/philosophie_800_600_1-300x225.jpg 300w, https:\/\/www.pac24.de\/wp-content\/uploads\/philosophie_800_600_1-768x576.jpg 768w, https:\/\/www.pac24.de\/wp-content\/uploads\/philosophie_800_600_1-600x450.jpg 600w, https:\/\/www.pac24.de\/wp-content\/uploads\/philosophie_800_600_1-213x160.jpg 213w, https:\/\/www.pac24.de\/wp-content\/uploads\/philosophie_800_600_1-100x75.jpg 100w\" sizes=\"auto, (max-width: 800px) 100vw, 800px\" \/><\/div>\n\t\t<\/figure>\n\t<\/div>\n<\/div><\/div><\/div><div class=\"wpb_column vc_column_container vc_col-sm-6\"><div class=\"vc_column-inner\"><div class=\"wpb_wrapper\">\n\t<div class=\"wpb_text_column wpb_content_element\" >\n\t\t<div class=\"wpb_wrapper\">\n\t\t\t<p>Aunque tenemos competencia profesional en casi todas las \u00e1reas de la propiedad inmobiliaria gracias a nuestros empleados, creemos que tambi\u00e9n forma parte de una buena relaci\u00f3n comercial admitir si no somos capaces de asesorarle de forma exhaustiva.<\/p>\n<p>En estos casos, estaremos encantados de remitirle a colegas competentes o pedirles consejo.<\/p>\n<p>Gracias a nuestra dilatada experiencia, ya hemos podido ganarnos a un gran n\u00famero de colegas competentes como socios colaboradores.<\/p>\n\n\t\t<\/div>\n\t<\/div>\n<\/div><\/div><\/div><\/div><\/div><\/div><\/div><\/div><div class=\"vc_row wpb_row vc_row-fluid inner_container vc_custom_1612342787877 vc_row-has-fill\"><div class=\"wpb_column vc_column_container vc_col-sm-12\"><div class=\"vc_column-inner\"><div class=\"wpb_wrapper\">\n\t<div class=\"wpb_text_column wpb_content_element\" >\n\t\t<div class=\"wpb_wrapper\">\n\t\t\t<h2 style=\"text-align: center;\">LAS COSAS QUE REPRESENTAMOS<\/h2>\n\n\t\t<\/div>\n\t<\/div>\n<\/div><\/div><\/div><\/div><div class=\"vc_row wpb_row vc_row-fluid inner_container vc_custom_1612342847328 vc_row-has-fill\"><div class=\"wpb_column vc_column_container vc_col-sm-12\"><div class=\"vc_column-inner\"><div class=\"wpb_wrapper\"><div class=\"vc_row wpb_row vc_inner vc_row-fluid inner_container_fixed vc_custom_1612342858102 vc_row-has-fill\"><div class=\"wpb_column vc_column_container vc_col-sm-3 vc_col-has-fill\"><div class=\"vc_column-inner vc_custom_1612342912597\"><div class=\"wpb_wrapper\">\n\t<div  class=\"wpb_single_image wpb_content_element vc_align_center wpb_content_element\">\n\t\t\n\t\t<figure class=\"wpb_wrapper vc_figure\">\n\t\t\t<div class=\"vc_single_image-wrapper   vc_box_border_grey\"><img loading=\"lazy\" decoding=\"async\" width=\"150\" height=\"150\" src=\"https:\/\/www.pac24.de\/wp-content\/uploads\/icon_freundlichkeit400_400-150x150.png\" class=\"vc_single_image-img attachment-thumbnail\" alt=\"Gesti\u00f3n inmobiliaria en la zona de Bonn y Rhein-Sieg\" title=\"icon_freundlichkeit400_400\" srcset=\"https:\/\/www.pac24.de\/wp-content\/uploads\/icon_freundlichkeit400_400-150x150.png 150w, https:\/\/www.pac24.de\/wp-content\/uploads\/icon_freundlichkeit400_400-300x300.png 300w, https:\/\/www.pac24.de\/wp-content\/uploads\/icon_freundlichkeit400_400-160x160.png 160w, https:\/\/www.pac24.de\/wp-content\/uploads\/icon_freundlichkeit400_400-100x100.png 100w, https:\/\/www.pac24.de\/wp-content\/uploads\/icon_freundlichkeit400_400.png 400w\" sizes=\"auto, (max-width: 150px) 100vw, 150px\" \/><\/div>\n\t\t<\/figure>\n\t<\/div>\n\n\t<div class=\"wpb_text_column wpb_content_element vc_custom_1612343180080\" >\n\t\t<div class=\"wpb_wrapper\">\n\t\t\t<p style=\"font-size: 1,0em; text-align: center;\"><strong>Bondad<\/strong><\/p>\n<p style=\"font-size: 1,0em; text-align: center;\">Nos tomamos en serio a usted y sus preocupaciones y somos agradecidos en nuestro trato con los dem\u00e1s<\/p>\n\n\t\t<\/div>\n\t<\/div>\n<\/div><\/div><\/div><div class=\"wpb_column vc_column_container vc_col-sm-3\"><div class=\"vc_column-inner\"><div class=\"wpb_wrapper\">\n\t<div  class=\"wpb_single_image wpb_content_element vc_align_center wpb_content_element vc_custom_1612531480962\">\n\t\t\n\t\t<figure class=\"wpb_wrapper vc_figure\">\n\t\t\t<div class=\"vc_single_image-wrapper   vc_box_border_grey\"><img loading=\"lazy\" decoding=\"async\" width=\"150\" height=\"150\" src=\"https:\/\/www.pac24.de\/wp-content\/uploads\/icon_professionalitaet_400_400-150x150.png\" class=\"vc_single_image-img attachment-thumbnail\" alt=\"Gesti\u00f3n inmobiliaria en la zona de Bonn y Rhein-Sieg\" title=\"icon_professionalitaet_400_400\" srcset=\"https:\/\/www.pac24.de\/wp-content\/uploads\/icon_professionalitaet_400_400-150x150.png 150w, https:\/\/www.pac24.de\/wp-content\/uploads\/icon_professionalitaet_400_400-300x300.png 300w, https:\/\/www.pac24.de\/wp-content\/uploads\/icon_professionalitaet_400_400-160x160.png 160w, https:\/\/www.pac24.de\/wp-content\/uploads\/icon_professionalitaet_400_400-100x100.png 100w, https:\/\/www.pac24.de\/wp-content\/uploads\/icon_professionalitaet_400_400.png 400w\" sizes=\"auto, (max-width: 150px) 100vw, 150px\" \/><\/div>\n\t\t<\/figure>\n\t<\/div>\n\n\t<div class=\"wpb_text_column wpb_content_element vc_custom_1612343250081\" >\n\t\t<div class=\"wpb_wrapper\">\n\t\t\t<p style=\"font-size: 1,0em; text-align: center;\"><strong>Profesionalidad<\/strong><\/p>\n<p style=\"font-size: 1,0em; text-align: center;\">Seguimos cada solicitud con la debida profesionalidad, sea cual sea el \u00e1rea<\/p>\n\n\t\t<\/div>\n\t<\/div>\n<\/div><\/div><\/div><div class=\"wpb_column vc_column_container vc_col-sm-3\"><div class=\"vc_column-inner\"><div class=\"wpb_wrapper\">\n\t<div  class=\"wpb_single_image wpb_content_element vc_align_center wpb_content_element vc_custom_1612531492179\">\n\t\t\n\t\t<figure class=\"wpb_wrapper vc_figure\">\n\t\t\t<div class=\"vc_single_image-wrapper   vc_box_border_grey\"><img loading=\"lazy\" decoding=\"async\" width=\"150\" height=\"150\" src=\"https:\/\/www.pac24.de\/wp-content\/uploads\/icon_zuverlaessigkeit_400_400-150x150.png\" class=\"vc_single_image-img attachment-thumbnail\" alt=\"Gesti\u00f3n inmobiliaria en la zona de Bonn y Rhein-Sieg\" title=\"icon_zuverlaessigkeit_400_400\" srcset=\"https:\/\/www.pac24.de\/wp-content\/uploads\/icon_zuverlaessigkeit_400_400-150x150.png 150w, https:\/\/www.pac24.de\/wp-content\/uploads\/icon_zuverlaessigkeit_400_400-300x300.png 300w, https:\/\/www.pac24.de\/wp-content\/uploads\/icon_zuverlaessigkeit_400_400-160x160.png 160w, https:\/\/www.pac24.de\/wp-content\/uploads\/icon_zuverlaessigkeit_400_400-100x100.png 100w, https:\/\/www.pac24.de\/wp-content\/uploads\/icon_zuverlaessigkeit_400_400.png 400w\" sizes=\"auto, (max-width: 150px) 100vw, 150px\" \/><\/div>\n\t\t<\/figure>\n\t<\/div>\n\n\t<div class=\"wpb_text_column wpb_content_element vc_custom_1612343524833\" >\n\t\t<div class=\"wpb_wrapper\">\n\t\t\t<p style=\"font-size: 1,0em; text-align: center;\"><strong>Fiabilidad<\/strong><\/p>\n<p style=\"font-size: 1,0em; text-align: center;\">Puede confiar en nosotros: cumplimos nuestras promesas, ya sea verbalmente o por escrito.<\/p>\n\n\t\t<\/div>\n\t<\/div>\n<\/div><\/div><\/div><div class=\"wpb_column vc_column_container vc_col-sm-3\"><div class=\"vc_column-inner\"><div class=\"wpb_wrapper\">\n\t<div  class=\"wpb_single_image wpb_content_element vc_align_center wpb_content_element vc_custom_1612531505266\">\n\t\t\n\t\t<figure class=\"wpb_wrapper vc_figure\">\n\t\t\t<div class=\"vc_single_image-wrapper   vc_box_border_grey\"><img loading=\"lazy\" decoding=\"async\" width=\"150\" height=\"150\" src=\"https:\/\/www.pac24.de\/wp-content\/uploads\/icon_alles_aus_einer_hand_400_400-150x150.png\" class=\"vc_single_image-img attachment-thumbnail\" alt=\"Gesti\u00f3n inmobiliaria en la zona de Bonn y Rhein-Sieg\" title=\"icon_alles_aus_einer_hand_400_400\" srcset=\"https:\/\/www.pac24.de\/wp-content\/uploads\/icon_alles_aus_einer_hand_400_400-150x150.png 150w, https:\/\/www.pac24.de\/wp-content\/uploads\/icon_alles_aus_einer_hand_400_400-300x300.png 300w, https:\/\/www.pac24.de\/wp-content\/uploads\/icon_alles_aus_einer_hand_400_400-160x160.png 160w, https:\/\/www.pac24.de\/wp-content\/uploads\/icon_alles_aus_einer_hand_400_400-100x100.png 100w, https:\/\/www.pac24.de\/wp-content\/uploads\/icon_alles_aus_einer_hand_400_400.png 400w\" sizes=\"auto, (max-width: 150px) 100vw, 150px\" \/><\/div>\n\t\t<\/figure>\n\t<\/div>\n\n\t<div class=\"wpb_text_column wpb_content_element vc_custom_1612343423793\" >\n\t\t<div class=\"wpb_wrapper\">\n\t\t\t<p style=\"font-size: 1,0em; text-align: center;\"><strong>Todo de una sola fuente<\/strong><\/p>\n<p style=\"font-size: 1,0em; text-align: center;\">S\u00f3lo tiene una persona de contacto: le acompa\u00f1amos desde el principio hasta el final de su solicitud<\/p>\n\n\t\t<\/div>\n\t<\/div>\n<\/div><\/div><\/div><\/div><div class=\"vc_empty_space  vc_custom_1612342867981\"   style=\"height: 44px\"><span class=\"vc_empty_space_inner\"><\/span><\/div><\/div><\/div><\/div><\/div>\n<\/div>","protected":false},"excerpt":{"rendered":"PAC24 - AS\u00cd SOMOS pac24 GmbH es miembro del grupo inmobiliario pac. Esto incluye a las empresas inmobiliarias con un enfoque de inversi\u00f3n regional en Bonn \/ Rhein Sieg. pac24 GmbH asume la gesti\u00f3n econ\u00f3mica y t\u00e9cnica de todas las propiedades del grupo pac. Somos el contacto central para inquilinos, compradores, vendedores, proveedores y todos los dem\u00e1s clientes y socios de las empresas. pac24 GmbH fue fundada en ... <a href=\"https:\/\/www.pac24.de\/es\/unternehmen\" class=\"more-link\">Leer m\u00e1s<\/a>","protected":false},"author":1,"featured_media":12604,"parent":0,"menu_order":0,"comment_status":"closed","ping_status":"closed","template":"template-blank-4.php","meta":{"footnotes":""},"class_list":["post-2382","page","type-page","status-publish","has-post-thumbnail","hentry"],"_links":{"self":[{"href":"https:\/\/www.pac24.de\/es\/wp-json\/wp\/v2\/pages\/2382","targetHints":{"allow":["GET"]}}],"collection":[{"href":"https:\/\/www.pac24.de\/es\/wp-json\/wp\/v2\/pages"}],"about":[{"href":"https:\/\/www.pac24.de\/es\/wp-json\/wp\/v2\/types\/page"}],"author":[{"embeddable":true,"href":"https:\/\/www.pac24.de\/es\/wp-json\/wp\/v2\/users\/1"}],"replies":[{"embeddable":true,"href":"https:\/\/www.pac24.de\/es\/wp-json\/wp\/v2\/comments?post=2382"}],"version-history":[{"count":0,"href":"https:\/\/www.pac24.de\/es\/wp-json\/wp\/v2\/pages\/2382\/revisions"}],"wp:featuredmedia":[{"embeddable":true,"href":"https:\/\/www.pac24.de\/es\/wp-json\/wp\/v2\/media\/12604"}],"wp:attachment":[{"href":"https:\/\/www.pac24.de\/es\/wp-json\/wp\/v2\/media?parent=2382"}],"curies":[{"name":"wp","href":"https:\/\/api.w.org\/{rel}","templated":true}]}}